{"id":222,"date":"2019-02-21T17:45:16","date_gmt":"2019-02-21T17:45:16","guid":{"rendered":"http:\/\/freibad-bsa.de\/?page_id=222"},"modified":"2024-12-17T23:45:52","modified_gmt":"2024-12-17T22:45:52","slug":"spiel-und-badespass","status":"publish","type":"page","link":"https:\/\/www.freibad-bsa.de\/?page_id=222","title":{"rendered":"Spiel &#038; Badespa\u00df"},"content":{"rendered":"<p>Jeden Mittwoch findet von 14:00 &#8211; 18:00 Uhr der Spiel- und Badespa\u00dftag statt. In dieser Zeit ist (fast) alles erlaubt, was Spa\u00df macht.<br \/>\nEs werden aufblasbare Spielger\u00e4te im Schwimmbecken aufgebaut. ( Wasserrutsche, Krokodil, Riesenkrake, Wippe )<\/p>\n<p><img loading=\"lazy\" decoding=\"async\" class=\"alignleft wp-image-389\" src=\"http:\/\/freibad-bsa.de\/wp-content\/uploads\/2019\/03\/Rutsche-1024x768.jpg\" alt=\"\" width=\"600\" height=\"450\" srcset=\"https:\/\/www.freibad-bsa.de\/wp-content\/uploads\/2019\/03\/Rutsche-1024x768.jpg 1024w, https:\/\/www.freibad-bsa.de\/wp-content\/uploads\/2019\/03\/Rutsche-300x225.jpg 300w, https:\/\/www.freibad-bsa.de\/wp-content\/uploads\/2019\/03\/Rutsche-768x576.jpg 768w, https:\/\/www.freibad-bsa.de\/wp-content\/uploads\/2019\/03\/Rutsche.jpg 2048w\" sizes=\"auto, (max-width: 600px) 100vw, 600px\" \/><\/p>\n<p>&nbsp;<\/p>\n<p>&nbsp;<\/p>\n<p>&nbsp;<\/p>\n<p>&nbsp;<\/p>\n<p>&nbsp;<\/p>\n<p>&nbsp;<\/p>\n<p>&nbsp;<\/p>\n<p>&nbsp;<\/p>\n<p>&nbsp;<\/p>\n<p>&nbsp;<\/p>\n<p><img loading=\"lazy\" decoding=\"async\" class=\"alignleft wp-image-388\" src=\"http:\/\/freibad-bsa.de\/wp-content\/uploads\/2019\/03\/Krake-300x169.jpg\" alt=\"\" width=\"600\" height=\"338\" srcset=\"https:\/\/www.freibad-bsa.de\/wp-content\/uploads\/2019\/03\/Krake-300x169.jpg 300w, https:\/\/www.freibad-bsa.de\/wp-content\/uploads\/2019\/03\/Krake-768x432.jpg 768w, https:\/\/www.freibad-bsa.de\/wp-content\/uploads\/2019\/03\/Krake-1024x576.jpg 1024w\" sizes=\"auto, (max-width: 600px) 100vw, 600px\" \/><\/p>\n<p>&nbsp;<\/p>\n<p>&nbsp;<\/p>\n<p>&nbsp;<\/p>\n<p>&nbsp;<\/p>\n<p>&nbsp;<\/p>\n<p>&nbsp;<\/p>\n<p>&nbsp;<\/p>\n<p>&nbsp;<\/p>\n<figure id=\"attachment_1325\" aria-describedby=\"caption-attachment-1325\" style=\"width: 600px\" class=\"wp-caption alignleft\"><img loading=\"lazy\" decoding=\"async\" class=\"wp-image-1325\" src=\"https:\/\/www.freibad-bsa.de\/wp-content\/uploads\/2019\/07\/Badespass-300x169.jpg\" alt=\"\" width=\"600\" height=\"338\" srcset=\"https:\/\/www.freibad-bsa.de\/wp-content\/uploads\/2019\/07\/Badespass-300x169.jpg 300w, https:\/\/www.freibad-bsa.de\/wp-content\/uploads\/2019\/07\/Badespass-768x432.jpg 768w, https:\/\/www.freibad-bsa.de\/wp-content\/uploads\/2019\/07\/Badespass-1024x576.jpg 1024w\" sizes=\"auto, (max-width: 600px) 100vw, 600px\" \/><figcaption id=\"caption-attachment-1325\" class=\"wp-caption-text\">Spiel &amp; Badespass<\/figcaption><\/figure>\n<p>&nbsp;<\/p>\n<p>&nbsp;<\/p>\n<p>&nbsp;<\/p>\n<p>&nbsp;<\/p>\n<p>&nbsp;<\/p>\n<p>&nbsp;<\/p>\n<p>&nbsp;<\/p>\n<p>&nbsp;<\/p>\n<p>Weiterhin werden von uns Autoreifen, Schwimmfl\u00f6\u00dfe und andere Spielger\u00e4te zur Verf\u00fcgung gestellt.<\/p>\n<p>Die Badeg\u00e4ste k\u00f6nnen auch Ihre eigenen Spielutensilien (soweit geeignet) mit ins Wasser nehmen.<\/p>\n<p>Ein Riesenspa\u00df nicht nur f\u00fcr Kinder !<\/p>\n<p><span style=\"color: #ff0000;\">Das Schwimmen ist in dieser Zeit nur sehr eingeschr\u00e4nkt m\u00f6glich !<\/span><\/p>\n<h3><strong>Der Spiel- und Badespa\u00df findet unter Vorbehalt statt!<\/strong><br \/>\n<strong>Wird eine zu hohe Besucherzahl erwartet, kann der Spiel- und Badespa\u00df aus Sicherheitsgr\u00fcnden nicht stattfinden!<\/strong><\/h3>\n<p>&nbsp;<\/p>\n","protected":false},"excerpt":{"rendered":"<p>Jeden Mittwoch findet von 14:00 &#8211; 18:00 Uhr der Spiel- und Badespa\u00dftag statt. In dieser Zeit ist (fast) alles erlaubt,[&#8230;]<\/p>\n","protected":false},"author":2,"featured_media":0,"parent":13,"menu_order":5,"comment_status":"closed","ping_status":"closed","template":"","meta":{"footnotes":""},"class_list":["post-222","page","type-page","status-publish","hentry"],"_links":{"self":[{"href":"https:\/\/www.freibad-bsa.de\/index.php?rest_route=\/wp\/v2\/pages\/222","targetHints":{"allow":["GET"]}}],"collection":[{"href":"https:\/\/www.freibad-bsa.de\/index.php?rest_route=\/wp\/v2\/pages"}],"about":[{"href":"https:\/\/www.freibad-bsa.de\/index.php?rest_route=\/wp\/v2\/types\/page"}],"author":[{"embeddable":true,"href":"https:\/\/www.freibad-bsa.de\/index.php?rest_route=\/wp\/v2\/users\/2"}],"replies":[{"embeddable":true,"href":"https:\/\/www.freibad-bsa.de\/index.php?rest_route=%2Fwp%2Fv2%2Fcomments&post=222"}],"version-history":[{"count":30,"href":"https:\/\/www.freibad-bsa.de\/index.php?rest_route=\/wp\/v2\/pages\/222\/revisions"}],"predecessor-version":[{"id":2880,"href":"https:\/\/www.freibad-bsa.de\/index.php?rest_route=\/wp\/v2\/pages\/222\/revisions\/2880"}],"up":[{"embeddable":true,"href":"https:\/\/www.freibad-bsa.de\/index.php?rest_route=\/wp\/v2\/pages\/13"}],"wp:attachment":[{"href":"https:\/\/www.freibad-bsa.de\/index.php?rest_route=%2Fwp%2Fv2%2Fmedia&parent=222"}],"curies":[{"name":"wp","href":"https:\/\/api.w.org\/{rel}","templated":true}]}}