{"id":25,"date":"2019-02-15T06:18:30","date_gmt":"2019-02-15T06:18:30","guid":{"rendered":"http:\/\/freibad-bsa.de\/?page_id=25"},"modified":"2025-05-12T07:24:33","modified_gmt":"2025-05-12T05:24:33","slug":"schwimmkurse","status":"publish","type":"page","link":"https:\/\/www.freibad-bsa.de\/?page_id=25","title":{"rendered":"Schwimmkurse"},"content":{"rendered":"<p>Wir bieten Schwimmkurse f\u00fcr Kinder ab 6 Jahre an:<\/p>\n<p><img loading=\"lazy\" decoding=\"async\" class=\"alignleft wp-image-227\" src=\"https:\/\/www.freibad-bsa.de\/wp-content\/uploads\/2019\/02\/500_F_43090318_zxeJ6Y1NbKF7AqQ9GWeDlwRpgvdL9Tty-150x150.jpg\" alt=\"\" width=\"146\" height=\"146\" \/><\/p>\n<p>In den Sommerferien:<\/p>\n<p>Termine f\u00fcr 2025 <a href=\"https:\/\/www.werrataltherme.de\/schwimmkurse\">hier<\/a><\/p>\n<p>Die Dauer einer Unterrichtseinheit liegt bei ca. 30 min<br \/>\n(witterungsabh\u00e4ngig).<\/p>\n<p>Um den Erfolg des Schwimmunterichts zu erh\u00f6hen, m\u00f6chten wir Sie bitten, mit ihren angemeldeten Kindern\u00a0 vor dem Schwimmkurs schon einmal eine Wassergew\u00f6hnung durchzuf\u00fchren.<br \/>\nDie Kids sollten sich zum Beginn des Schwimmkurses ohne Angst mit offenen Augen unter die Dusche stellen.<\/p>\n<p>&nbsp;<\/p>\n<p><strong>Schwimmkurse f\u00fcr Erwachsene nach Absprache !<\/strong><\/p>\n<p>&nbsp;<\/p>\n<p><strong>\u00dcbrigens:<\/strong><\/p>\n<p>F\u00fcr Empf\u00e4nger von Hartz IV, Sozialhife, Kinderzuschlag, Wohngeld oder Asylbewerberleistungen, k\u00f6nnen die Kosten f\u00fcr den Schwimmkurs \u00fcbernommen werden!<br \/>\nBitte informieren Sie sich beim Jobcenter!<\/p>\n","protected":false},"excerpt":{"rendered":"<p>Wir bieten Schwimmkurse f\u00fcr Kinder ab 6 Jahre an: In den Sommerferien: Termine f\u00fcr 2025 hier Die Dauer einer Unterrichtseinheit[&#8230;]<\/p>\n","protected":false},"author":1,"featured_media":0,"parent":13,"menu_order":4,"comment_status":"closed","ping_status":"closed","template":"","meta":{"footnotes":""},"class_list":["post-25","page","type-page","status-publish","hentry"],"_links":{"self":[{"href":"https:\/\/www.freibad-bsa.de\/index.php?rest_route=\/wp\/v2\/pages\/25","targetHints":{"allow":["GET"]}}],"collection":[{"href":"https:\/\/www.freibad-bsa.de\/index.php?rest_route=\/wp\/v2\/pages"}],"about":[{"href":"https:\/\/www.freibad-bsa.de\/index.php?rest_route=\/wp\/v2\/types\/page"}],"author":[{"embeddable":true,"href":"https:\/\/www.freibad-bsa.de\/index.php?rest_route=\/wp\/v2\/users\/1"}],"replies":[{"embeddable":true,"href":"https:\/\/www.freibad-bsa.de\/index.php?rest_route=%2Fwp%2Fv2%2Fcomments&post=25"}],"version-history":[{"count":46,"href":"https:\/\/www.freibad-bsa.de\/index.php?rest_route=\/wp\/v2\/pages\/25\/revisions"}],"predecessor-version":[{"id":2922,"href":"https:\/\/www.freibad-bsa.de\/index.php?rest_route=\/wp\/v2\/pages\/25\/revisions\/2922"}],"up":[{"embeddable":true,"href":"https:\/\/www.freibad-bsa.de\/index.php?rest_route=\/wp\/v2\/pages\/13"}],"wp:attachment":[{"href":"https:\/\/www.freibad-bsa.de\/index.php?rest_route=%2Fwp%2Fv2%2Fmedia&parent=25"}],"curies":[{"name":"wp","href":"https:\/\/api.w.org\/{rel}","templated":true}]}}