{"id":32,"date":"2019-02-21T11:10:08","date_gmt":"2019-02-21T11:10:08","guid":{"rendered":"http:\/\/freibad-bsa.de\/?page_id=32"},"modified":"2026-04-19T15:24:40","modified_gmt":"2026-04-19T13:24:40","slug":"foerderverein","status":"publish","type":"page","link":"https:\/\/www.freibad-bsa.de\/?page_id=32","title":{"rendered":"F\u00f6rderverein"},"content":{"rendered":"<p><img loading=\"lazy\" decoding=\"async\" class=\"alignleft wp-image-200 size-full\" src=\"http:\/\/freibad-bsa.de\/wp-content\/uploads\/2019\/02\/F\u00f6rderverein-Logo.jpg\" alt=\"\" width=\"2094\" height=\"342\" srcset=\"https:\/\/www.freibad-bsa.de\/wp-content\/uploads\/2019\/02\/F\u00f6rderverein-Logo.jpg 2094w, https:\/\/www.freibad-bsa.de\/wp-content\/uploads\/2019\/02\/F\u00f6rderverein-Logo-300x49.jpg 300w, https:\/\/www.freibad-bsa.de\/wp-content\/uploads\/2019\/02\/F\u00f6rderverein-Logo-768x125.jpg 768w, https:\/\/www.freibad-bsa.de\/wp-content\/uploads\/2019\/02\/F\u00f6rderverein-Logo-1024x167.jpg 1024w\" sizes=\"auto, (max-width: 2094px) 100vw, 2094px\" \/><\/p>\n<p>&nbsp;<\/p>\n<p>&nbsp;<\/p>\n<p><strong>Informationen zum F\u00f6rderverein:<\/strong><br \/>\nDer Verein wurde am 08.10.2013 im Hochzeitshaus Bad Sooden-Allendorf gegr\u00fcndet.<br \/>\nAktuelle Anzahl der Mitglieder: 251 ( Stand: 07.12.20 )<\/p>\n<p>Die B\u00fcrger der Stadt Bad Sooden-Allendorf und alle Freunde des Freibades sind aufgerufen, dem Freibad durch aktive Unterst\u00fctzung eine Zukunft zu geben. Denn nach den Bestimmungen des Schutzschirmvertrages, den die Stadt Bad Sooden-Allendorf unterzeichnet hat, steht das Freibad auf der Streichungsliste, wenn der Zuschuss von zuletzt j\u00e4hrlich ca. 150.000 &#8211; 200.000 Euro nicht gesenkt wird. Ziel ist es, das Freibad ab 2016 mit einem maximalen Zuschuss von 50.000 \u20ac zu betreiben.<br \/>\nMithilfe des F\u00f6rdervereins soll erreicht werden, dass das 50 Jahre alte Freibad auch noch f\u00fcr die n\u00e4chsten Jahrzehnte gesichert und ausgebaut wird. Denn eins ist sicher: Sollte das Bad einmal nicht mehr weitergef\u00fchrt werden, ist es f\u00fcr immer verloren!<br \/>\nDer Verein hat sich unter anderem die F\u00f6rderung des Schwimmbetriebs und die Steigerung der Attraktivit\u00e4t des Bades auf seine Fahnen geschrieben. &#8222;Wenn wir es schaffen, die Attraktivit\u00e4t zu erh\u00f6hen, wird sich das auch positiv auf die Einnahmen auswirken.&#8220;<\/p>\n<ul>\n<li><a href=\"http:\/\/freibad-bsa.de\/wp-content\/uploads\/2019\/02\/Protokoll-Gr\u00fcndung-F\u00f6rderverein-Freibad-erweitert-.pdf\" target=\"_blank\" rel=\"noopener noreferrer\">Protokoll zur Gr\u00fcndungsveranstaltung<\/a><\/li>\n<li><a href=\"http:\/\/freibad-bsa.de\/wp-content\/uploads\/2019\/02\/Badest\u00e4dter-stehen-mit-Herzblut-zu-ihrem-Freibad.pdf\" target=\"_blank\" rel=\"noopener noreferrer\">Bericht zur Gr\u00fcndungsveranstaltung HNA vom 09.10.2013<\/a><\/li>\n<li><a href=\"https:\/\/www.freibad-bsa.de\/wp-content\/uploads\/2023\/04\/Satzung-Foerderverein-Freibad-BSA_neu_13_10_2023.pdf\" target=\"_blank\" rel=\"noopener noreferrer\">Die Satzung<\/a><\/li>\n<\/ul>\n<p><strong>Der Vorstand:<\/strong><\/p>\n<p><em>1. Vorsitzende:<\/em><\/p>\n<p>Sonja Jilg<br \/>\nTel.: 05652\/3915, email: torsten.sonja.jilg(at)t-online.de<\/p>\n<p><em>2. Vorsitzender:<\/em><\/p>\n<p>Michael Siedler<br \/>\nemail: siedler(at)rats-apotheke.de<\/p>\n<p><em>Kassenwartin:<\/em><\/p>\n<p>Stephanie St\u00f6ber<br \/>\nemail: stestoeb(at)gmail.com<\/p>\n<p><em>Schriftwart:<\/em><\/p>\n<p>Dr. Uwe Wachsmuth<br \/>\nTel.: 0176\/12350385, email: wachsmuth.nolte(at)t-online.de<\/p>\n<p><strong>Organisation ( erweiterter Vorstand ):<\/strong><\/p>\n<p><em>Beisitzer:<\/em><\/p>\n<p>Silke Herwig<br \/>\nTel.: 0171\/1155566, email: herwig(at)filzring.de<\/p>\n<p><em>Beisitzer:<\/em><\/p>\n<p>Ilona Kreutzer<br \/>\nTel.: 05652 \/ 6819, email: ilona.kreutzer(at)gmx.de<\/p>\n<p>&nbsp;<\/p>\n<p><strong>Mitmachen erw\u00fcnscht!<\/strong><br \/>\nGanz aktiv k\u00f6nnen Sie das Freibad unterst\u00fctzen durch Mithilfe bei einer der Veranstaltungen oder durch tatkr\u00e4ftige Mitarbeit in der Freibadsaison.<br \/>\nNeue Mitglieder, Spenden und Ideen sind jederzeit gern willkommen!<\/p>\n<p><strong>Aufnahmeantrag<\/strong><br \/>\nAufnahmeantr\u00e4ge f\u00fcr die Mitgliedschaft im F\u00f6rderverein gibt\u2019s im Freibad und hier<br \/>\nzum download:\u00a0\u00a0 <a href=\"https:\/\/www.freibad-bsa.de\/wp-content\/uploads\/2025\/11\/AufnahmeantragFoerderverein-aktuell-Freibad-Bad-Sooden25022016.pdf\" target=\"_blank\" rel=\"noopener noreferrer\">Aufnahmeantrag<\/a><br \/>\nEinfach anklicken, ausdrucken, ausf\u00fcllen und an den Vorstand weiterleiten.<\/p>\n<p><strong>Spenden<\/strong><br \/>\nSie m\u00f6chten spenden auf ein Konto des F\u00f6rdervereins Freibad BSA e.V. ?<br \/>\nSparkasse Werra-Mei\u00dfner:<br \/>\nIBAN: DE86 5225 0030 0051 0111 04<br \/>\nBIC: HELADEF1ESW<br \/>\nVolks- und Raiffeisenbank Werra-Mei\u00dfner<br \/>\nIBAN: DE45 5226 0385 0001 2304 84<br \/>\nBIC: GENODEF1ESW<\/p>\n<p><strong>Versicherung Ehrenamt<\/strong><br \/>\nAlle, die ehrenamtlich f\u00fcr die Stadt arbeiten, sind bei ihr versichert!<\/p>\n<p>Hier geht`s zum Facebook-Auftritt des F\u00f6rdervereins<a href=\"https:\/\/www.facebook.com\/Freibad-Bad-SoodenAllendorf-F%C3%B6rderverein-1448306172121131\/\" target=\"_blank\" rel=\"noopener noreferrer\"><img loading=\"lazy\" decoding=\"async\" class=\"alignleft size-full wp-image-985\" src=\"http:\/\/freibad-bsa.de\/wp-content\/uploads\/2019\/03\/Facebook_f_logo_2013.png\" alt=\"\" width=\"50\" height=\"50\" \/><\/a><\/p>\n","protected":false},"excerpt":{"rendered":"<p>&nbsp; &nbsp; Informationen zum F\u00f6rderverein: Der Verein wurde am 08.10.2013 im Hochzeitshaus Bad Sooden-Allendorf gegr\u00fcndet. Aktuelle Anzahl der Mitglieder: 251[&#8230;]<\/p>\n","protected":false},"author":1,"featured_media":0,"parent":0,"menu_order":2,"comment_status":"closed","ping_status":"closed","template":"","meta":{"footnotes":""},"class_list":["post-32","page","type-page","status-publish","hentry"],"_links":{"self":[{"href":"https:\/\/www.freibad-bsa.de\/index.php?rest_route=\/wp\/v2\/pages\/32","targetHints":{"allow":["GET"]}}],"collection":[{"href":"https:\/\/www.freibad-bsa.de\/index.php?rest_route=\/wp\/v2\/pages"}],"about":[{"href":"https:\/\/www.freibad-bsa.de\/index.php?rest_route=\/wp\/v2\/types\/page"}],"author":[{"embeddable":true,"href":"https:\/\/www.freibad-bsa.de\/index.php?rest_route=\/wp\/v2\/users\/1"}],"replies":[{"embeddable":true,"href":"https:\/\/www.freibad-bsa.de\/index.php?rest_route=%2Fwp%2Fv2%2Fcomments&post=32"}],"version-history":[{"count":50,"href":"https:\/\/www.freibad-bsa.de\/index.php?rest_route=\/wp\/v2\/pages\/32\/revisions"}],"predecessor-version":[{"id":3215,"href":"https:\/\/www.freibad-bsa.de\/index.php?rest_route=\/wp\/v2\/pages\/32\/revisions\/3215"}],"wp:attachment":[{"href":"https:\/\/www.freibad-bsa.de\/index.php?rest_route=%2Fwp%2Fv2%2Fmedia&parent=32"}],"curies":[{"name":"wp","href":"https:\/\/api.w.org\/{rel}","templated":true}]}}