{"id":6,"date":"2019-02-15T06:10:44","date_gmt":"2019-02-15T06:10:44","guid":{"rendered":"http:\/\/freibad-bsa.de\/?page_id=6"},"modified":"2025-05-14T10:55:05","modified_gmt":"2025-05-14T08:55:05","slug":"startseite","status":"publish","type":"page","link":"https:\/\/www.freibad-bsa.de\/","title":{"rendered":"Startseite"},"content":{"rendered":"\r\n<div>\r\n<div class=\"\" dir=\"auto\">\r\n<div id=\"jsc_c_fo\" class=\"ecm0bbzt hv4rvrfc ihqw7lf3 dati1w0a\" data-ad-comet-preview=\"message\" data-ad-preview=\"message\">\r\n<div class=\"j83agx80 cbu4d94t ew0dbk1b irj2b8pg\">\r\n<div class=\"qzhwtbm6 knvmm38d\">\r\n<div class=\"kvgmc6g5 cxmmr5t8 oygrvhab hcukyx3x c1et5uql ii04i59q\">\r\n<div dir=\"auto\">\r\n<div>\r\n<div class=\"\" dir=\"auto\">\r\n<div id=\"jsc_c_eq\" class=\"ecm0bbzt hv4rvrfc ihqw7lf3 dati1w0a\" data-ad-comet-preview=\"message\" data-ad-preview=\"message\">\r\n<div class=\"j83agx80 cbu4d94t ew0dbk1b irj2b8pg\">\r\n<div class=\"qzhwtbm6 knvmm38d\">\r\n<div class=\"kvgmc6g5 cxmmr5t8 oygrvhab hcukyx3x c1et5uql ii04i59q\">\u00a0<\/div>\r\n<\/div>\r\n<\/div>\r\n<\/div>\r\n<\/div>\r\n<\/div>\r\n<\/div>\r\n<\/div>\r\n<\/div>\r\n<\/div>\r\n<\/div>\r\n<\/div>\r\n<\/div>\r\n<p>Das Freibad Bad Sooden-Allendorf ist ge\u00f6ffnet von Mitte Mai bis Anfang September. Sehr sch\u00f6n gelegen, bietet es ein attraktives Angebot f\u00fcr Jedermann:<\/p>\r\n<ul>\r\n<li>1400 qm Wasserfl\u00e4che mit Schwimmer- und Nichtschwimmerbecken, 50 m Bahnen,<br \/>Sprungt\u00fcrme, Wasserrutsche \u00a0<\/li>\r\n<li>Kleinkinderplanschbecken<\/li>\r\n<li>Beachvolleyballfeld, Bolzplatz, Tischtennis, Basketball, Kinderspielplatz<\/li>\r\n<li>Schwimmbadgastst\u00e4tte<\/li>\r\n<li>Preise: Erwachsene 5,00 \u20ac ( Kurkarte 4,50 \u20ac ) ab 18:30 Uhr 3,00 \u20ac,<br \/>Kinder 2,50 \u20ac ( Kurkarte 2,00 \u20ac ),\u00a0\u00a0 g\u00fcnstig: Saisonkarten und 12 erKarten<\/li>\r\n<li>\u00d6kologische Aufheizung des Badewassers \u00fcber Absorbermatten<\/li>\r\n<li>Neuste Wasserfiltertechnik garantiert eine hohe Wasserqualit\u00e4t<\/li>\r\n<li>\u00d6ffnungszeiten: Mo &#8211; Fr 12:00 Uhr bis 20:00 Uhr, Sa, So, Feiertage 10:30 \u2013 20:00 Uhr, in den<br \/>\u00a0hessischen Sommerferien t\u00e4glich 10:30 \u2013 20:00 Uhr<\/li>\r\n<li>Fr\u00fchschwimmen: Di &#8211; Sa\u00a0 06:30 &#8211; 09:00 Uhr \u00a0\u00a0\u00a0\u00a0\u00a0\u00a0\u00a0<\/li>\r\n<li>Jeden Mittwoch 14:00 bis 18:00 Uhr Spiel- und Badespa\u00dftag mit Wasserspielger\u00e4ten und vieles <br \/>\u00a0mehr. Schwimmen ist in dieser Zeit nur sehr eingeschr\u00e4nkt m\u00f6glich\u00a0<\/li>\r\n<li>FKK &#8211; Liegebereich<\/li>\r\n<li>Freies WLAN<\/li>\r\n<li>Sonnenliegen zum Ausleihen ( 3,-\u20ac \/ Tag )<\/li>\r\n<\/ul>\r\n<p>Der Stadtbus f\u00e4hrt mit einer attraktiven Route st\u00fcndlich das Freibad montags \u2013 freitags und samstags bis Mittag an. Die Fahrtzeit betr\u00e4gt 7 Minuten vom Bahnhof. Fu\u00dfl\u00e4ufig ist das Freibad vom Bahnhof 1,8 km entfernt.<\/p>\r\n<hr \/>\r\n<p>&nbsp;<\/p>\r\n<p>&nbsp;<\/p>\r\n<div id=\"metaslider-id-137\" style=\"max-width: 1000px;\" class=\"ml-slider-3-107-0 metaslider metaslider-flex metaslider-137 ml-slider has-dots-nav ms-theme-default\" role=\"region\" aria-label=\"Startseite\" data-height=\"750\" data-width=\"1000\">\n    <div id=\"metaslider_container_137\">\n        <div id=\"metaslider_137\">\n            <ul class='slides'>\n                <li style=\"display: block; width: 100%;\" class=\"slide-1026 ms-image \" aria-roledescription=\"slide\" data-date=\"2019-03-21 21:29:34\" data-filename=\"Freibad-Luft-1000x750.jpg\" data-slide-type=\"image\"><a href=\"https:\/\/www.freibad-bsa.de\/wp-content\/uploads\/2019\/03\/Freibad-Luft.jpg\" target=\"_self\" aria-label=\"View Slide Details\" class=\"metaslider_image_link\"><img loading=\"lazy\" decoding=\"async\" src=\"https:\/\/www.freibad-bsa.de\/wp-content\/uploads\/2019\/03\/Freibad-Luft-1000x750.jpg\" height=\"750\" width=\"1000\" alt=\"\" class=\"slider-137 slide-1026 msDefaultImage\" \/><\/a><\/li>\n                <li style=\"display: none; width: 100%;\" class=\"slide-421 ms-image \" aria-roledescription=\"slide\" data-date=\"2019-03-01 13:42:17\" data-filename=\"Planschbecken-1000x750.jpg\" data-slide-type=\"image\"><img loading=\"lazy\" decoding=\"async\" src=\"https:\/\/www.freibad-bsa.de\/wp-content\/uploads\/2019\/03\/Planschbecken-1000x750.jpg\" height=\"750\" width=\"1000\" alt=\"\" class=\"slider-137 slide-421 msDefaultImage\" title=\"Planschbecken\" \/><div class=\"caption-wrap\"><div class=\"caption\">Planschbecken<\/div><\/div><\/li>\n                <li style=\"display: none; width: 100%;\" class=\"slide-1030 ms-image \" aria-roledescription=\"slide\" data-date=\"2019-03-21 21:46:32\" data-filename=\"Wasserrutsche-1000x750.jpg\" data-slide-type=\"image\"><img loading=\"lazy\" decoding=\"async\" src=\"https:\/\/www.freibad-bsa.de\/wp-content\/uploads\/2019\/03\/Wasserrutsche-1000x750.jpg\" height=\"750\" width=\"1000\" alt=\"\" class=\"slider-137 slide-1030 msDefaultImage\" title=\"Wasserrutsche\" \/><div class=\"caption-wrap\"><div class=\"caption\">Wasserrutsche<\/div><\/div><\/li>\n                <li style=\"display: none; width: 100%;\" class=\"slide-139 ms-image \" aria-roledescription=\"slide\" data-date=\"2019-02-20 14:00:52\" data-filename=\"Spielplatz-2024-scaled-1000x750.jpg\" data-slide-type=\"image\"><img loading=\"lazy\" decoding=\"async\" src=\"https:\/\/www.freibad-bsa.de\/wp-content\/uploads\/2025\/04\/Spielplatz-2024-scaled-1000x750.jpg\" height=\"750\" width=\"1000\" alt=\"\" class=\"slider-137 slide-139 msDefaultImage\" title=\"DCIM100MEDIADJI_0497.JPG\" \/><div class=\"caption-wrap\"><div class=\"caption\">Spielplatz<\/div><\/div><\/li>\n                <li style=\"display: none; width: 100%;\" class=\"slide-140 ms-image \" aria-roledescription=\"slide\" data-date=\"2019-02-20 14:00:52\" data-filename=\"IMG_7176-1000x750.jpg\" data-slide-type=\"image\"><img loading=\"lazy\" decoding=\"async\" src=\"https:\/\/www.freibad-bsa.de\/wp-content\/uploads\/2019\/07\/IMG_7176-1000x750.jpg\" height=\"750\" width=\"1000\" alt=\"\" class=\"slider-137 slide-140 msDefaultImage\" title=\"IMG_7176\" \/><div class=\"caption-wrap\"><div class=\"caption\">Tischtennis<\/div><\/div><\/li>\n                <li style=\"display: none; width: 100%;\" class=\"slide-141 ms-image \" aria-roledescription=\"slide\" data-date=\"2019-02-20 14:00:52\" data-filename=\"Freibad-BSA-7.jpg\" data-slide-type=\"image\"><img loading=\"lazy\" decoding=\"async\" src=\"https:\/\/www.freibad-bsa.de\/wp-content\/uploads\/2019\/02\/Freibad-BSA-7.jpg\" height=\"750\" width=\"1000\" alt=\"\" class=\"slider-137 slide-141 msDefaultImage\" title=\"Kleinfeldplatz\" \/><div class=\"caption-wrap\"><div class=\"caption\">Kleinfeldplatz<\/div><\/div><\/li>\n                <li style=\"display: none; width: 100%;\" class=\"slide-142 ms-image \" aria-roledescription=\"slide\" data-date=\"2019-02-20 14:00:52\" data-filename=\"Freibad-BSA-6.jpg\" data-slide-type=\"image\"><img loading=\"lazy\" decoding=\"async\" src=\"https:\/\/www.freibad-bsa.de\/wp-content\/uploads\/2019\/02\/Freibad-BSA-6.jpg\" height=\"750\" width=\"1000\" alt=\"\" class=\"slider-137 slide-142 msDefaultImage\" title=\"Beachvolleyball\" \/><div class=\"caption-wrap\"><div class=\"caption\">Beachvolleyball<\/div><\/div><\/li>\n                <li style=\"display: none; width: 100%;\" class=\"slide-410 ms-image \" aria-roledescription=\"slide\" data-date=\"2019-03-01 13:26:37\" data-filename=\"Basketball-1000x750.jpg\" data-slide-type=\"image\"><img loading=\"lazy\" decoding=\"async\" src=\"https:\/\/www.freibad-bsa.de\/wp-content\/uploads\/2019\/03\/Basketball-1000x750.jpg\" height=\"750\" width=\"1000\" alt=\"\" class=\"slider-137 slide-410 msDefaultImage\" title=\"Basketball\" \/><div class=\"caption-wrap\"><div class=\"caption\">Basketball<\/div><\/div><\/li>\n                <li style=\"display: none; width: 100%;\" class=\"slide-1326 ms-image \" aria-roledescription=\"slide\" data-date=\"2019-07-24 21:59:27\" data-filename=\"Badespass-1000x750.jpg\" data-slide-type=\"image\"><img loading=\"lazy\" decoding=\"async\" src=\"https:\/\/www.freibad-bsa.de\/wp-content\/uploads\/2019\/07\/Badespass-1000x750.jpg\" height=\"750\" width=\"1000\" alt=\"\" class=\"slider-137 slide-1326 msDefaultImage\" title=\"Spiel &amp; Badespass\" \/><div class=\"caption-wrap\"><div class=\"caption\">Spiel &amp; Badespass<\/div><\/div><\/li>\n            <\/ul>\n        <\/div>\n        \n    <\/div>\n<\/div>\r\n","protected":false},"excerpt":{"rendered":"<p>\u00a0 Das Freibad Bad Sooden-Allendorf ist ge\u00f6ffnet von Mitte Mai bis Anfang September. Sehr sch\u00f6n gelegen, bietet es ein attraktives[&#8230;]<\/p>\n","protected":false},"author":1,"featured_media":0,"parent":0,"menu_order":0,"comment_status":"closed","ping_status":"closed","template":"","meta":{"footnotes":""},"class_list":["post-6","page","type-page","status-publish","hentry"],"_links":{"self":[{"href":"https:\/\/www.freibad-bsa.de\/index.php?rest_route=\/wp\/v2\/pages\/6","targetHints":{"allow":["GET"]}}],"collection":[{"href":"https:\/\/www.freibad-bsa.de\/index.php?rest_route=\/wp\/v2\/pages"}],"about":[{"href":"https:\/\/www.freibad-bsa.de\/index.php?rest_route=\/wp\/v2\/types\/page"}],"author":[{"embeddable":true,"href":"https:\/\/www.freibad-bsa.de\/index.php?rest_route=\/wp\/v2\/users\/1"}],"replies":[{"embeddable":true,"href":"https:\/\/www.freibad-bsa.de\/index.php?rest_route=%2Fwp%2Fv2%2Fcomments&post=6"}],"version-history":[{"count":90,"href":"https:\/\/www.freibad-bsa.de\/index.php?rest_route=\/wp\/v2\/pages\/6\/revisions"}],"predecessor-version":[{"id":2924,"href":"https:\/\/www.freibad-bsa.de\/index.php?rest_route=\/wp\/v2\/pages\/6\/revisions\/2924"}],"wp:attachment":[{"href":"https:\/\/www.freibad-bsa.de\/index.php?rest_route=%2Fwp%2Fv2%2Fmedia&parent=6"}],"curies":[{"name":"wp","href":"https:\/\/api.w.org\/{rel}","templated":true}]}}